{"id":1231,"date":"2025-01-21T17:02:25","date_gmt":"2025-01-21T17:02:25","guid":{"rendered":"https:\/\/osiedle-dabrova.pl\/ueber-den-entwickler\/"},"modified":"2025-03-05T21:41:14","modified_gmt":"2025-03-05T21:41:14","slug":"ueber-den-entwickler","status":"publish","type":"page","link":"https:\/\/osiedle-dabrova.pl\/de\/ueber-den-entwickler\/","title":{"rendered":"Der Entwickler"},"content":{"rendered":"\t\t<div data-elementor-type=\"wp-page\" data-elementor-id=\"1231\" class=\"elementor elementor-1231 elementor-19\" data-elementor-settings=\"{&quot;element_pack_global_tooltip_width&quot;:{&quot;unit&quot;:&quot;px&quot;,&quot;size&quot;:&quot;&quot;,&quot;sizes&quot;:[]},&quot;element_pack_global_tooltip_width_laptop&quot;:{&quot;unit&quot;:&quot;px&quot;,&quot;size&quot;:&quot;&quot;,&quot;sizes&quot;:[]},&quot;element_pack_global_tooltip_width_tablet&quot;:{&quot;unit&quot;:&quot;px&quot;,&quot;size&quot;:&quot;&quot;,&quot;sizes&quot;:[]},&quot;element_pack_global_tooltip_width_mobile&quot;:{&quot;unit&quot;:&quot;px&quot;,&quot;size&quot;:&quot;&quot;,&quot;sizes&quot;:[]},&quot;element_pack_global_tooltip_padding&quot;:{&quot;unit&quot;:&quot;px&quot;,&quot;top&quot;:&quot;&quot;,&quot;right&quot;:&quot;&quot;,&quot;bottom&quot;:&quot;&quot;,&quot;left&quot;:&quot;&quot;,&quot;isLinked&quot;:true},&quot;element_pack_global_tooltip_padding_laptop&quot;:{&quot;unit&quot;:&quot;px&quot;,&quot;top&quot;:&quot;&quot;,&quot;right&quot;:&quot;&quot;,&quot;bottom&quot;:&quot;&quot;,&quot;left&quot;:&quot;&quot;,&quot;isLinked&quot;:true},&quot;element_pack_global_tooltip_padding_tablet&quot;:{&quot;unit&quot;:&quot;px&quot;,&quot;top&quot;:&quot;&quot;,&quot;right&quot;:&quot;&quot;,&quot;bottom&quot;:&quot;&quot;,&quot;left&quot;:&quot;&quot;,&quot;isLinked&quot;:true},&quot;element_pack_global_tooltip_padding_mobile&quot;:{&quot;unit&quot;:&quot;px&quot;,&quot;top&quot;:&quot;&quot;,&quot;right&quot;:&quot;&quot;,&quot;bottom&quot;:&quot;&quot;,&quot;left&quot;:&quot;&quot;,&quot;isLinked&quot;:true},&quot;element_pack_global_tooltip_border_radius&quot;:{&quot;unit&quot;:&quot;px&quot;,&quot;top&quot;:&quot;&quot;,&quot;right&quot;:&quot;&quot;,&quot;bottom&quot;:&quot;&quot;,&quot;left&quot;:&quot;&quot;,&quot;isLinked&quot;:true},&quot;element_pack_global_tooltip_border_radius_laptop&quot;:{&quot;unit&quot;:&quot;px&quot;,&quot;top&quot;:&quot;&quot;,&quot;right&quot;:&quot;&quot;,&quot;bottom&quot;:&quot;&quot;,&quot;left&quot;:&quot;&quot;,&quot;isLinked&quot;:true},&quot;element_pack_global_tooltip_border_radius_tablet&quot;:{&quot;unit&quot;:&quot;px&quot;,&quot;top&quot;:&quot;&quot;,&quot;right&quot;:&quot;&quot;,&quot;bottom&quot;:&quot;&quot;,&quot;left&quot;:&quot;&quot;,&quot;isLinked&quot;:true},&quot;element_pack_global_tooltip_border_radius_mobile&quot;:{&quot;unit&quot;:&quot;px&quot;,&quot;top&quot;:&quot;&quot;,&quot;right&quot;:&quot;&quot;,&quot;bottom&quot;:&quot;&quot;,&quot;left&quot;:&quot;&quot;,&quot;isLinked&quot;:true}}\" data-elementor-post-type=\"page\">\n\t\t\t\t<div class=\"elementor-element elementor-element-4969d45 e-flex e-con-boxed e-con e-parent\" data-id=\"4969d45\" data-element_type=\"container\" data-e-type=\"container\" data-settings=\"{&quot;background_background&quot;:&quot;gradient&quot;}\">\n\t\t\t\t\t<div class=\"e-con-inner\">\n\t\t\t\t<div class=\"elementor-element elementor-element-de831b9 elementor-widget elementor-widget-global elementor-global-1322 elementor-global-471 elementor-widget-bdt-breadcrumbs\" data-id=\"de831b9\" data-element_type=\"widget\" data-e-type=\"widget\" data-widget_type=\"bdt-breadcrumbs.default\">\n\t\t\t\t\t<div class='bdt-ep-breadcrumbs-wrapper'><ul class=\"bdt-ep-breadcrumb breadcrumb-align-left  \"><li><a href=\"https:\/\/osiedle-dabrova.pl\/de\/\"><span class=\"bdt-ep-breadcrumbs-home-icon\"> <i aria-hidden=\"true\" class=\"fas fa-home\"><\/i> <\/span>Osiedle D\u0105brova<\/a><\/li>\n<li><span> Seite<\/span><\/li>\n<\/ul><\/div>\t\t\t\t<\/div>\n\t\t\t\t<div class=\"elementor-element elementor-element-7e9e37d elementor-widget elementor-widget-heading\" data-id=\"7e9e37d\" data-element_type=\"widget\" data-e-type=\"widget\" data-widget_type=\"heading.default\">\n\t\t\t\t\t<h1 class=\"elementor-heading-title elementor-size-default\">Der Entwickler<\/h1>\t\t\t\t<\/div>\n\t\t\t\t\t<\/div>\n\t\t\t\t<\/div>\n\t\t<div class=\"elementor-element elementor-element-78dfd73 e-flex e-con-boxed e-con e-parent\" data-id=\"78dfd73\" data-element_type=\"container\" data-e-type=\"container\">\n\t\t\t\t\t<div class=\"e-con-inner\">\n\t\t<div class=\"elementor-element elementor-element-e42c3e6 e-con-full e-flex e-con e-child\" data-id=\"e42c3e6\" data-element_type=\"container\" data-e-type=\"container\">\n\t\t\t\t<div class=\"elementor-element elementor-element-acb84d7 elementor-widget elementor-widget-heading\" data-id=\"acb84d7\" data-element_type=\"widget\" data-e-type=\"widget\" data-widget_type=\"heading.default\">\n\t\t\t\t\t<h2 class=\"elementor-heading-title elementor-size-default\">Wir schaffen Orte, an denen Tr\u00e4ume wahr werden<\/h2>\t\t\t\t<\/div>\n\t\t\t\t<\/div>\n\t\t<div class=\"elementor-element elementor-element-11c3431 e-con-full e-flex e-con e-child\" data-id=\"11c3431\" data-element_type=\"container\" data-e-type=\"container\">\n\t\t\t\t<div class=\"elementor-element elementor-element-ff7ae0f elementor-widget elementor-widget-text-editor\" data-id=\"ff7ae0f\" data-element_type=\"widget\" data-e-type=\"widget\" data-widget_type=\"text-editor.default\">\n\t\t\t\t\t\t\t\t\t<p>Als Arina Dom realisieren wir Einfamilienhausprojekte, und unser pers\u00f6nliches Engagement in jeder Bauphase garantiert h\u00f6chste Qualit\u00e4t und Liebe zum Detail.<\/p>\n\t\t\t\t\t\t\t\t<\/div>\n\t\t\t\t<\/div>\n\t\t\t\t\t<\/div>\n\t\t\t\t<\/div>\n\t\t<div class=\"elementor-element elementor-element-ebb6fd5 e-flex e-con-boxed e-con e-parent\" data-id=\"ebb6fd5\" data-element_type=\"container\" data-e-type=\"container\" data-settings=\"{&quot;background_background&quot;:&quot;classic&quot;}\">\n\t\t\t\t\t<div class=\"e-con-inner\">\n\t\t\t\t<div class=\"elementor-element elementor-element-e4c1afb elementor-widget elementor-widget-image\" data-id=\"e4c1afb\" data-element_type=\"widget\" data-e-type=\"widget\" data-widget_type=\"image.default\">\n\t\t\t\t\t\t\t\t\t\t\t\t\t\t\t<img fetchpriority=\"high\" decoding=\"async\" width=\"800\" height=\"779\" src=\"https:\/\/osiedle-dabrova.pl\/wp-content\/uploads\/2025\/02\/dabrova-agent.webp\" class=\"attachment-large size-large wp-image-1233\" alt=\"\" srcset=\"https:\/\/osiedle-dabrova.pl\/wp-content\/uploads\/2025\/02\/dabrova-agent.webp 800w, https:\/\/osiedle-dabrova.pl\/wp-content\/uploads\/2025\/02\/dabrova-agent-300x292.webp 300w, https:\/\/osiedle-dabrova.pl\/wp-content\/uploads\/2025\/02\/dabrova-agent-768x748.webp 768w\" sizes=\"(max-width: 800px) 100vw, 800px\" \/>\t\t\t\t\t\t\t\t\t\t\t\t\t\t\t<\/div>\n\t\t\t\t\t<\/div>\n\t\t\t\t<\/div>\n\t\t<div class=\"elementor-element elementor-element-bc2d9d4 e-flex e-con-boxed e-con e-parent\" data-id=\"bc2d9d4\" data-element_type=\"container\" data-e-type=\"container\">\n\t\t\t\t\t<div class=\"e-con-inner\">\n\t\t<div class=\"elementor-element elementor-element-fad1518 e-con-full e-flex e-con e-child\" data-id=\"fad1518\" data-element_type=\"container\" data-e-type=\"container\" data-settings=\"{&quot;background_background&quot;:&quot;classic&quot;,&quot;background_motion_fx_motion_fx_scrolling&quot;:&quot;yes&quot;,&quot;background_motion_fx_translateX_effect&quot;:&quot;yes&quot;,&quot;background_motion_fx_translateX_speed&quot;:{&quot;unit&quot;:&quot;px&quot;,&quot;size&quot;:0.299999999999999988897769753748434595763683319091796875,&quot;sizes&quot;:[]},&quot;background_motion_fx_translateX_affectedRange&quot;:{&quot;unit&quot;:&quot;%&quot;,&quot;size&quot;:&quot;&quot;,&quot;sizes&quot;:{&quot;start&quot;:0,&quot;end&quot;:100}},&quot;background_motion_fx_devices&quot;:[&quot;desktop&quot;,&quot;laptop&quot;,&quot;tablet&quot;,&quot;mobile&quot;]}\">\n\t\t\t\t<\/div>\n\t\t<div class=\"elementor-element elementor-element-1613a4a e-con-full e-flex e-con e-child\" data-id=\"1613a4a\" data-element_type=\"container\" data-e-type=\"container\">\n\t\t\t\t<div class=\"elementor-element elementor-element-dc01297 elementor-widget elementor-widget-heading\" data-id=\"dc01297\" data-element_type=\"widget\" data-e-type=\"widget\" data-widget_type=\"heading.default\">\n\t\t\t\t\t<h2 class=\"elementor-heading-title elementor-size-default\">Leidenschaft f\u00fcr Details<\/h2>\t\t\t\t<\/div>\n\t\t\t\t<div class=\"elementor-element elementor-element-cdebce6 elementor-widget elementor-widget-text-editor\" data-id=\"cdebce6\" data-element_type=\"widget\" data-e-type=\"widget\" data-widget_type=\"text-editor.default\">\n\t\t\t\t\t\t\t\t\t<p>Wir wissen, wie wichtig Elemente sind, die jedem Raum Charakter verleihen. Deshalb w\u00e4hlen wir Materialien mit gr\u00f6\u00dfter Sorgfalt aus und entwickeln L\u00f6sungen, die nicht nur optisch beeindrucken, sondern auch dauerhaften Komfort f\u00fcr Jahre bieten.<\/p>\n\t\t\t\t\t\t\t\t<\/div>\n\t\t\t\t<div class=\"elementor-element elementor-element-9a7a2fd elementor-widget elementor-widget-heading\" data-id=\"9a7a2fd\" data-element_type=\"widget\" data-e-type=\"widget\" data-widget_type=\"heading.default\">\n\t\t\t\t\t<h2 class=\"elementor-heading-title elementor-size-default\">Moderne Architektur im Einklang mit der Natur<\/h2>\t\t\t\t<\/div>\n\t\t\t\t<div class=\"elementor-element elementor-element-768fdea elementor-widget elementor-widget-text-editor\" data-id=\"768fdea\" data-element_type=\"widget\" data-e-type=\"widget\" data-widget_type=\"text-editor.default\">\n\t\t\t\t\t\t\t\t\t<p>Unsere Projekte vereinen Funktionalit\u00e4t, \u00c4sthetik und Respekt f\u00fcr die umgebende Natur. Durch Proportionen, Eleganz und Harmonie des modernen Designs schaffen wir Formen, die mit zeitloser Sch\u00f6nheit begeistern.<\/p>\n\t\t\t\t\t\t\t\t<\/div>\n\t\t\t\t<\/div>\n\t\t\t\t\t<\/div>\n\t\t\t\t<\/div>\n\t\t<div class=\"elementor-element elementor-element-5b7d4e8 e-flex e-con-boxed e-con e-parent\" data-id=\"5b7d4e8\" data-element_type=\"container\" data-e-type=\"container\">\n\t\t\t\t\t<div class=\"e-con-inner\">\n\t\t<div class=\"elementor-element elementor-element-853edbf e-con-full e-flex e-con e-child\" data-id=\"853edbf\" data-element_type=\"container\" data-e-type=\"container\">\n\t\t\t\t<div class=\"elementor-element elementor-element-cc2a44e elementor-widget elementor-widget-heading\" data-id=\"cc2a44e\" data-element_type=\"widget\" data-e-type=\"widget\" data-widget_type=\"heading.default\">\n\t\t\t\t\t<h2 class=\"elementor-heading-title elementor-size-default\">D\u0105brova \u2013 Ihr Platz auf Erden<\/h2>\t\t\t\t<\/div>\n\t\t\t\t<div class=\"elementor-element elementor-element-d082d46 elementor-widget elementor-widget-text-editor\" data-id=\"d082d46\" data-element_type=\"widget\" data-e-type=\"widget\" data-widget_type=\"text-editor.default\">\n\t\t\t\t\t\t\t\t\t<p>Unser Bauprojekt in D\u0105browa ist eine perfekte Kombination aus modernen L\u00f6sungen und der N\u00e4he zur Natur. Es ist ein Raum f\u00fcr diejenigen, die Ruhe, Wohnraum und die Sch\u00f6nheit der umgebenden Welt sch\u00e4tzen.<\/p>\n\t\t\t\t\t\t\t\t<\/div>\n\t\t\t\t<div class=\"elementor-element elementor-element-1b4bd00 elementor-widget elementor-widget-heading\" data-id=\"1b4bd00\" data-element_type=\"widget\" data-e-type=\"widget\" data-widget_type=\"heading.default\">\n\t\t\t\t\t<h2 class=\"elementor-heading-title elementor-size-default\">Wir bauen mit Mission und Engagement<\/h2>\t\t\t\t<\/div>\n\t\t\t\t<div class=\"elementor-element elementor-element-2609f7d elementor-widget elementor-widget-text-editor\" data-id=\"2609f7d\" data-element_type=\"widget\" data-e-type=\"widget\" data-widget_type=\"text-editor.default\">\n\t\t\t\t\t\t\t\t\t<p data-start=\"0\" data-end=\"163\">Unser Ziel ist es, H\u00e4user zu schaffen, die den Bed\u00fcrfnissen moderner Familien entsprechen und gleichzeitig Raum f\u00fcr Individualit\u00e4t und pers\u00f6nliche Tr\u00e4ume lassen.<\/p>\n<p data-start=\"165\" data-end=\"337\" data-is-last-node=\"\" data-is-only-node=\"\">Wir haben unsere Wohnsiedlung so gestaltet, dass jede Familie ihren Platz auf Erden finden kann \u2013 modern, harmonisch und perfekt auf Ihre Bed\u00fcrfnisse und Tr\u00e4ume abgestimmt.<\/p>\n\t\t\t\t\t\t\t\t<\/div>\n\t\t\t\t<\/div>\n\t\t<div class=\"elementor-element elementor-element-22d35b8 e-con-full e-flex e-con e-child\" data-id=\"22d35b8\" data-element_type=\"container\" data-e-type=\"container\" data-settings=\"{&quot;background_background&quot;:&quot;classic&quot;,&quot;background_motion_fx_motion_fx_scrolling&quot;:&quot;yes&quot;,&quot;background_motion_fx_translateX_effect&quot;:&quot;yes&quot;,&quot;background_motion_fx_translateX_speed&quot;:{&quot;unit&quot;:&quot;px&quot;,&quot;size&quot;:0.299999999999999988897769753748434595763683319091796875,&quot;sizes&quot;:[]},&quot;background_motion_fx_translateX_direction&quot;:&quot;negative&quot;,&quot;background_motion_fx_translateX_affectedRange&quot;:{&quot;unit&quot;:&quot;%&quot;,&quot;size&quot;:&quot;&quot;,&quot;sizes&quot;:{&quot;start&quot;:0,&quot;end&quot;:100}},&quot;background_motion_fx_devices&quot;:[&quot;desktop&quot;,&quot;laptop&quot;,&quot;tablet&quot;,&quot;mobile&quot;]}\">\n\t\t\t\t<\/div>\n\t\t\t\t\t<\/div>\n\t\t\t\t<\/div>\n\t\t<div class=\"elementor-element elementor-element-8f27299 e-con-full e-flex e-con e-parent\" data-id=\"8f27299\" data-element_type=\"container\" data-e-type=\"container\" data-settings=\"{&quot;background_background&quot;:&quot;classic&quot;}\">\n\t\t\t\t<div class=\"elementor-element elementor-element-be84776 elementor-widget elementor-widget-heading\" data-id=\"be84776\" data-element_type=\"widget\" data-e-type=\"widget\" data-widget_type=\"heading.default\">\n\t\t\t\t\t<h2 class=\"elementor-heading-title elementor-size-default\">Wir laden Sie ein, unser Angebot zu entdecken<\/h2>\t\t\t\t<\/div>\n\t\t\t\t<div class=\"elementor-element elementor-element-1035d4a elementor-widget__width-initial elementor-widget elementor-widget-text-editor\" data-id=\"1035d4a\" data-element_type=\"widget\" data-e-type=\"widget\" data-widget_type=\"text-editor.default\">\n\t\t\t\t\t\t\t\t\t<p>Entdecken Sie einen einzigartigen Ort, der Ihr Zuhause wird.<\/p>\n\t\t\t\t\t\t\t\t<\/div>\n\t\t\t\t<div class=\"elementor-element elementor-element-f9f3dd9 elementor-widget-divider--view-line elementor-widget elementor-widget-divider\" data-id=\"f9f3dd9\" data-element_type=\"widget\" data-e-type=\"widget\" data-widget_type=\"divider.default\">\n\t\t\t\t\t\t\t<div class=\"elementor-divider\">\n\t\t\t<span class=\"elementor-divider-separator\">\n\t\t\t\t\t\t<\/span>\n\t\t<\/div>\n\t\t\t\t\t\t<\/div>\n\t\t<div class=\"elementor-element elementor-element-e3d212d e-flex e-con-boxed e-con e-child\" data-id=\"e3d212d\" data-element_type=\"container\" data-e-type=\"container\">\n\t\t\t\t\t<div class=\"e-con-inner\">\n\t\t\t\t<div class=\"elementor-element elementor-element-f606cd8 elementor-tablet-align-right elementor-mobile-align-justify elementor-widget elementor-widget-button\" data-id=\"f606cd8\" data-element_type=\"widget\" data-e-type=\"widget\" data-widget_type=\"button.default\">\n\t\t\t\t\t\t\t\t\t\t<a class=\"elementor-button elementor-button-link elementor-size-sm\" href=\"https:\/\/osiedle-dabrova.pl\/de\/haeuser\/\">\n\t\t\t\t\t\t<span class=\"elementor-button-content-wrapper\">\n\t\t\t\t\t\t\t\t\t<span class=\"elementor-button-text\">W\u00e4hlen Sie Ihr Zuhause<\/span>\n\t\t\t\t\t<\/span>\n\t\t\t\t\t<\/a>\n\t\t\t\t\t\t\t\t<\/div>\n\t\t\t\t<div class=\"elementor-element elementor-element-71935cb elementor-tablet-align-right elementor-mobile-align-justify elementor-widget elementor-widget-button\" data-id=\"71935cb\" data-element_type=\"widget\" data-e-type=\"widget\" data-widget_type=\"button.default\">\n\t\t\t\t\t\t\t\t\t\t<a class=\"elementor-button elementor-button-link elementor-size-sm\" href=\"https:\/\/osiedle-dabrova.pl\/de\/kontakt\/\">\n\t\t\t\t\t\t<span class=\"elementor-button-content-wrapper\">\n\t\t\t\t\t\t\t\t\t<span class=\"elementor-button-text\">Kontaktieren Sie uns<\/span>\n\t\t\t\t\t<\/span>\n\t\t\t\t\t<\/a>\n\t\t\t\t\t\t\t\t<\/div>\n\t\t\t\t\t<\/div>\n\t\t\t\t<\/div>\n\t\t\t\t<\/div>\n\t\t\t\t<\/div>\n\t\t","protected":false},"excerpt":{"rendered":"<p>Osiedle D\u0105brova Der Entwickler Wir schaffen Orte, an denen Tr\u00e4ume wahr werden Als Arina Dom realisieren wir Einfamilienhausprojekte, und unser pers\u00f6nliches Engagement in jeder Bauphase garantiert h\u00f6chste Qualit\u00e4t und Liebe zum Detail. Leidenschaft f\u00fcr Details Wir wissen, wie wichtig Elemente sind, die jedem Raum Charakter verleihen. Deshalb w\u00e4hlen wir Materialien mit gr\u00f6\u00dfter Sorgfalt aus und [&hellip;]<\/p>\n","protected":false},"author":1,"featured_media":0,"parent":0,"menu_order":0,"comment_status":"closed","ping_status":"closed","template":"","meta":{"footnotes":""},"class_list":["post-1231","page","type-page","status-publish","hentry"],"_links":{"self":[{"href":"https:\/\/osiedle-dabrova.pl\/de\/wp-json\/wp\/v2\/pages\/1231","targetHints":{"allow":["GET"]}}],"collection":[{"href":"https:\/\/osiedle-dabrova.pl\/de\/wp-json\/wp\/v2\/pages"}],"about":[{"href":"https:\/\/osiedle-dabrova.pl\/de\/wp-json\/wp\/v2\/types\/page"}],"author":[{"embeddable":true,"href":"https:\/\/osiedle-dabrova.pl\/de\/wp-json\/wp\/v2\/users\/1"}],"replies":[{"embeddable":true,"href":"https:\/\/osiedle-dabrova.pl\/de\/wp-json\/wp\/v2\/comments?post=1231"}],"version-history":[{"count":9,"href":"https:\/\/osiedle-dabrova.pl\/de\/wp-json\/wp\/v2\/pages\/1231\/revisions"}],"predecessor-version":[{"id":1368,"href":"https:\/\/osiedle-dabrova.pl\/de\/wp-json\/wp\/v2\/pages\/1231\/revisions\/1368"}],"wp:attachment":[{"href":"https:\/\/osiedle-dabrova.pl\/de\/wp-json\/wp\/v2\/media?parent=1231"}],"curies":[{"name":"wp","href":"https:\/\/api.w.org\/{rel}","templated":true}]}}